{"id":69712,"date":"2024-06-09T21:26:27","date_gmt":"2024-06-09T19:26:27","guid":{"rendered":"https:\/\/www.21-draw.com\/?page_id=69712"},"modified":"2025-02-13T23:53:42","modified_gmt":"2025-02-13T21:53:42","slug":"learn-to-draw-in-21-days-with-mark-kistler","status":"publish","type":"page","link":"https:\/\/www.21-draw.com\/tr\/learn-to-draw-in-21-days-with-mark-kistler\/","title":{"rendered":"Mark Kistler ile 21 G\u00fcnde \u00c7izmeyi \u00d6\u011frenin"},"content":{"rendered":"","protected":false},"excerpt":{"rendered":"","protected":false},"author":1,"featured_media":0,"parent":0,"menu_order":0,"comment_status":"closed","ping_status":"closed","template":"landing-page\/landing-page-3.php","meta":{"_acf_changed":false,"footnotes":""},"class_list":["post-69712","page","type-page","status-publish","hentry"],"acf":[],"aioseo_notices":[],"_links":{"self":[{"href":"https:\/\/www.21-draw.com\/tr\/wp-json\/wp\/v2\/pages\/69712","targetHints":{"allow":["GET"]}}],"collection":[{"href":"https:\/\/www.21-draw.com\/tr\/wp-json\/wp\/v2\/pages"}],"about":[{"href":"https:\/\/www.21-draw.com\/tr\/wp-json\/wp\/v2\/types\/page"}],"author":[{"embeddable":true,"href":"https:\/\/www.21-draw.com\/tr\/wp-json\/wp\/v2\/users\/1"}],"replies":[{"embeddable":true,"href":"https:\/\/www.21-draw.com\/tr\/wp-json\/wp\/v2\/comments?post=69712"}],"version-history":[{"count":338,"href":"https:\/\/www.21-draw.com\/tr\/wp-json\/wp\/v2\/pages\/69712\/revisions"}],"predecessor-version":[{"id":75685,"href":"https:\/\/www.21-draw.com\/tr\/wp-json\/wp\/v2\/pages\/69712\/revisions\/75685"}],"wp:attachment":[{"href":"https:\/\/www.21-draw.com\/tr\/wp-json\/wp\/v2\/media?parent=69712"}],"curies":[{"name":"wp","href":"https:\/\/api.w.org\/{rel}","templated":true}]}}