{"id":5492,"date":"2021-01-21T00:11:48","date_gmt":"2021-01-20T22:11:48","guid":{"rendered":"https:\/\/staging.21-draw.com\/?page_id=5492"},"modified":"2025-10-27T19:07:24","modified_gmt":"2025-10-27T17:07:24","slug":"most-popular-lessons-right-now","status":"publish","type":"page","link":"https:\/\/www.21-draw.com\/pt\/most-popular-lessons-right-now\/","title":{"rendered":"Assista \u00e0s li\u00e7\u00f5es mais populares agora mesmo"},"content":{"rendered":"","protected":false},"excerpt":{"rendered":"","protected":false},"author":7,"featured_media":0,"parent":0,"menu_order":0,"comment_status":"closed","ping_status":"closed","template":"popular-lesson\/index.php","meta":{"_acf_changed":false,"footnotes":""},"class_list":["post-5492","page","type-page","status-publish","hentry"],"acf":[],"aioseo_notices":[],"_links":{"self":[{"href":"https:\/\/www.21-draw.com\/pt\/wp-json\/wp\/v2\/pages\/5492","targetHints":{"allow":["GET"]}}],"collection":[{"href":"https:\/\/www.21-draw.com\/pt\/wp-json\/wp\/v2\/pages"}],"about":[{"href":"https:\/\/www.21-draw.com\/pt\/wp-json\/wp\/v2\/types\/page"}],"author":[{"embeddable":true,"href":"https:\/\/www.21-draw.com\/pt\/wp-json\/wp\/v2\/users\/7"}],"replies":[{"embeddable":true,"href":"https:\/\/www.21-draw.com\/pt\/wp-json\/wp\/v2\/comments?post=5492"}],"version-history":[{"count":50,"href":"https:\/\/www.21-draw.com\/pt\/wp-json\/wp\/v2\/pages\/5492\/revisions"}],"predecessor-version":[{"id":77353,"href":"https:\/\/www.21-draw.com\/pt\/wp-json\/wp\/v2\/pages\/5492\/revisions\/77353"}],"wp:attachment":[{"href":"https:\/\/www.21-draw.com\/pt\/wp-json\/wp\/v2\/media?parent=5492"}],"curies":[{"name":"wp","href":"https:\/\/api.w.org\/{rel}","templated":true}]}}