{"id":2491,"date":"2019-07-05T13:40:42","date_gmt":"2019-07-05T11:40:42","guid":{"rendered":"https:\/\/staging.21-draw.com\/?page_id=2491"},"modified":"2022-07-15T18:39:24","modified_gmt":"2022-07-15T16:39:24","slug":"about-us","status":"publish","type":"page","link":"https:\/\/www.21-draw.com\/fr\/about-us\/","title":{"rendered":"\u00c0 propos"},"content":{"rendered":"<figure class=\"wp-block-image aligncenter size-large is-resized\"><img loading=\"lazy\" decoding=\"async\" src=\"https:\/\/www.21-draw.com\/wp-content\/uploads\/2019\/06\/favicon.png\" alt=\"\" class=\"wp-image-2402\" width=\"128\" height=\"128\" srcset=\"https:\/\/www.21-draw.com\/wp-content\/uploads\/2019\/06\/favicon.png 512w, https:\/\/www.21-draw.com\/wp-content\/uploads\/2019\/06\/favicon-300x300.png 300w, https:\/\/www.21-draw.com\/wp-content\/uploads\/2019\/06\/favicon-150x150.png 150w, https:\/\/www.21-draw.com\/wp-content\/uploads\/2019\/06\/favicon-420x420.png 420w, https:\/\/www.21-draw.com\/wp-content\/uploads\/2019\/06\/favicon-30x30.png 30w, https:\/\/www.21-draw.com\/wp-content\/uploads\/2019\/06\/favicon-370x370.png 370w, https:\/\/www.21-draw.com\/wp-content\/uploads\/2019\/06\/favicon-121x121.png 121w, https:\/\/www.21-draw.com\/wp-content\/uploads\/2019\/06\/favicon-80x80.png 80w, https:\/\/www.21-draw.com\/wp-content\/uploads\/2019\/06\/favicon-270x270.png 270w\" sizes=\"auto, (max-width: 128px) 100vw, 128px\" \/><\/figure>\n<p>Nous avons lanc\u00e9 21 Draw en Su\u00e8de en 2013 dans le but d&#8217;aider tout le monde \u00e0 devenir un meilleur artiste !<\/p>\n<p>Nous nous appelons 21 Draw parce que lorsque nous avons commenc\u00e9, nous avions seulement un budget pour engager 21 artistes. Cependant, un grand nombre d&#8217;artistes \u00e9taient tellement enthousiastes \u00e0 l&#8217;id\u00e9e de participer que nous n&#8217;avons pas pu r\u00e9sister \u00e0 en ajouter davantage, et \u00e0 cr\u00e9er encore plus de produits, allant des livres aux cours en ligne.<\/p>\n<p>Notre objectif est de travailler aux c\u00f4t\u00e9s des meilleurs artistes du monde pour aider notre communaut\u00e9 et vous aider \u00e0 atteindre vos objectifs artistiques. Nous voulons rendre l&#8217;enseignement artistique exceptionnel accessible \u00e0 tous. <\/p>\n<p>Nous attachons \u00e9galement une grande importance au service client. M\u00eame si nous faisons une erreur, nous la corrigerons \u00e0 100 % ! Nous \u00e9coutons notre communaut\u00e9 pour recueillir des id\u00e9es, puis nous essayons de donner vie \u00e0 ces id\u00e9es. Donc, si notre philosophie et nos produits vous plaisent, n&#8217;h\u00e9sitez pas \u00e0 nous soutenir aujourd&#8217;hui.<\/p>\n<p>Vous avez une question ? <a href=\"https:\/\/support.21-draw.com\/support\/tickets\/new\" target=\"_blank\" rel=\"noreferrer noopener\">\u00c9crivez-nous ici <\/a> ou envoyez-nous un courriel <a href=\"https:\/\/www.21-draw.com\/fr\/contact-us\/\">ici<\/a>. <\/p>\n","protected":false},"excerpt":{"rendered":"<p>Nous avons lanc\u00e9 21 Draw en Su\u00e8de en 2013 dans le but d&#8217;aider tout le monde \u00e0 devenir un meilleur artiste ! Nous nous appelons 21 Draw parce que lorsque nous avons commenc\u00e9, nous avions seulement un budget pour engager 21 artistes. Cependant, un grand nombre d&#8217;artistes \u00e9taient tellement enthousiastes \u00e0 l&#8217;id\u00e9e de participer que [&hellip;]<\/p>\n","protected":false},"author":3,"featured_media":0,"parent":0,"menu_order":0,"comment_status":"closed","ping_status":"closed","template":"","meta":{"_acf_changed":false,"footnotes":""},"class_list":["post-2491","page","type-page","status-publish","hentry"],"acf":[],"aioseo_notices":[],"_links":{"self":[{"href":"https:\/\/www.21-draw.com\/fr\/wp-json\/wp\/v2\/pages\/2491","targetHints":{"allow":["GET"]}}],"collection":[{"href":"https:\/\/www.21-draw.com\/fr\/wp-json\/wp\/v2\/pages"}],"about":[{"href":"https:\/\/www.21-draw.com\/fr\/wp-json\/wp\/v2\/types\/page"}],"author":[{"embeddable":true,"href":"https:\/\/www.21-draw.com\/fr\/wp-json\/wp\/v2\/users\/3"}],"replies":[{"embeddable":true,"href":"https:\/\/www.21-draw.com\/fr\/wp-json\/wp\/v2\/comments?post=2491"}],"version-history":[{"count":5,"href":"https:\/\/www.21-draw.com\/fr\/wp-json\/wp\/v2\/pages\/2491\/revisions"}],"predecessor-version":[{"id":33884,"href":"https:\/\/www.21-draw.com\/fr\/wp-json\/wp\/v2\/pages\/2491\/revisions\/33884"}],"wp:attachment":[{"href":"https:\/\/www.21-draw.com\/fr\/wp-json\/wp\/v2\/media?parent=2491"}],"curies":[{"name":"wp","href":"https:\/\/api.w.org\/{rel}","templated":true}]}}